{"id":8657,"date":"2011-01-30T09:06:19","date_gmt":"2011-01-30T09:06:19","guid":{"rendered":"http:\/\/smaria.salou.arqtgn.cat\/la-iglesia-de-santa-maria-del-mar\/"},"modified":"2011-01-30T09:06:19","modified_gmt":"2011-01-30T09:06:19","slug":"la-iglesia-de-santa-maria-del-mar","status":"publish","type":"page","link":"https:\/\/smaria.salou.arqtgn.cat\/es\/la-iglesia-de-santa-maria-del-mar\/","title":{"rendered":"La iglesia de Santa Mar\u00eda del Mar"},"content":{"rendered":"<p><a href=\"http:\/\/smariasalou.files.wordpress.com\/2011\/01\/camapanar.jpg\"><img loading=\"lazy\" decoding=\"async\" class=\"alignleft size-medium wp-image-15\" title=\"camapanar\" src=\"http:\/\/smariasalou.files.wordpress.com\/2011\/01\/camapanar.jpg?w=203\" alt=\"\" width=\"203\" height=\"300\" srcset=\"https:\/\/smaria.salou.arqtgn.cat\/wp-content\/uploads\/sites\/10\/2011\/01\/camapanar.jpg 250w, https:\/\/smaria.salou.arqtgn.cat\/wp-content\/uploads\/sites\/10\/2011\/01\/camapanar-203x300.jpg 203w\" sizes=\"auto, (max-width: 203px) 100vw, 203px\" \/><\/a><\/p>\n<p><span id=\"result_box\" lang=\"es\"><span title=\"L'esgl\u00e9sia de Santa Maria del Mar, \u00e9s el temple m\u00e9s antic de Salou.\">La iglesia de Santa Mar\u00eda del Mar, es el templo m\u00e1s antiguo de Salou . <\/span><span title=\"Fou constru\u00efda el segle XVII, entre 1752 i 1766, any en el qual va ser bene\u00efda.\">Fue construida en el siglo XVII , entre 1752 y 1766 , a\u00f1o en el que fue bendecida . <\/span><span title=\"D'estil barroc de l\u00ednies classicistes que, originalment nom\u00e9s tenia una nau i un campanar d'espadanya.\">De estilo barroco de l\u00edneas clasicistas que , originalmente s\u00f3lo ten\u00eda una nave y un campanario de espada\u00f1a . <\/span><span title=\"L\u2019actual campanar \u00e9s dels anys 1930-1932.\">El actual campanario es de los a\u00f1os 1930\/32 . <\/span><span title=\"La gran ampliaci\u00f3 del temple es va produir durant els anys cinquanta del segle XX, quan es van al\u00e7ar les naus laterals, el creuer i el cimbori. \">La gran ampliaci\u00f3n del templo se produjo durante los a\u00f1os cincuenta del siglo XX , cuando se levantaron las naves laterales , el crucero y el cimborrio .<\/span><\/span><\/p>\n<p><span title=\"Destaca en la seva portada l'escut de gremi de pescadors i en el seu interior la decoraci\u00f3 vanguardista del baptisteri obra de l'artista Joan Garriga a l'any 1964, realitzada en temps del rector Mn.\"><img loading=\"lazy\" decoding=\"async\" class=\"alignright size-medium wp-image-14\" title=\"baptisteri\" src=\"http:\/\/smariasalou.files.wordpress.com\/2011\/01\/baptisteri.jpg?w=224\" alt=\"\" width=\"224\" height=\"300\" srcset=\"https:\/\/smaria.salou.arqtgn.cat\/wp-content\/uploads\/sites\/10\/2011\/01\/baptisteri.jpg 250w, https:\/\/smaria.salou.arqtgn.cat\/wp-content\/uploads\/sites\/10\/2011\/01\/baptisteri-224x300.jpg 224w\" sizes=\"auto, (max-width: 224px) 100vw, 224px\" \/>Destaca en su portada el escudo de gremio de pescadores y en su interior la decoraci\u00f3n vanguardista del baptisterio obra del artista Joan Garriga en el a\u00f1o 1964, realizada en tiempos del rector Mn . <\/span><span title=\"Ramon Muntanyola.\">Ramon Muntanyola . <\/span><span title=\"Tamb\u00e9 s\u00f3n notables les pintures murals de Llu\u00eds Maria G\u00fcell realitzades entre 1954 i 1966 \">Tambi\u00e9n son notables las pinturas murales de Llu\u00eds Maria G\u00fcell realizadas entre 1954 y 1966<\/span><\/p>\n<p><span title=\"L'Esgl\u00e9sia Santa Maria del Mar fou constru\u00efda per a \u00fas de la gent del mar, en una \u00e8poca de gran activitat al port de Salou.\">La Iglesia Santa Mar\u00eda del Mar fue construida para uso de la gente del mar , en una \u00e9poca de gran actividad en el puerto de Salou . <\/span><span title=\"L'escut situat damunt de la porta principal, fa refer\u00e8ncia precisament a l'origen gremial d'aquesta esgl\u00e9sia i representa l'activitat portu\u00e0ria que duia a terme el Gremi de Mariners Matriculats.\">El escudo situado encima de la puerta principal , se refiere precisamente al origen gremial de esta iglesia y representa la actividad portuaria que llevaba a cabo el Gremio de Marineros Matriculados .<\/span><\/p>\n<p>Haz una visita virtual a la parr\u00f2quia con visi\u00f3n de 360\u00ba<\/p>\n<h3><span style=\"color: #ff0000\">La Iglesia<\/span><\/h3>\n<p>[googlemaps https:\/\/www.google.com\/maps\/embed?pb=!4v1536157606139!6m8!1m7!1sCAoSLEFGMVFpcE8yTV9uTG95YTA0eVUzaFhhQ1J0ZU90TU1MUHNvNXpzTU9yWjlI!2m2!1d41.076026937601!2d1.1297873546514!3f340.8802870003927!4f2.177225976908005!5f0.7820865974627469&amp;w=600&amp;h=450]<\/p>\n<p>&nbsp;<\/p>\n<h3><span style=\"color: #ff0000\">La capilla del Sant\u00edsimo<\/span><\/h3>\n<p>[googlemaps https:\/\/www.google.com\/maps\/embed?pb=!4v1536157684628!6m8!1m7!1sCAoSLEFGMVFpcE5pTVZ3V2F6YXMwdUh0U1ozaWMwQzk0NjNOREp2c0tpQXZoUW9u!2m2!1d41.076075803654!2d1.1297247390384!3f335.1177125771226!4f-3.762894342536711!5f2.0174193956922584&amp;w=600&amp;h=450]<\/p>\n<p>&nbsp;<\/p>\n<h3><span style=\"color: #ff0000\">El baptisterio de Grau Garriga<\/span><\/h3>\n<p>[googlemaps https:\/\/www.google.com\/maps\/embed?pb=!4v1536157767644!6m8!1m7!1sCAoSLEFGMVFpcE9HREc1TzdqYUpQUUZtczFUUHdWMUwxMUpIS0pOVVc0Y3ZjMWVh!2m2!1d41.075998918279!2d1.1298009317348!3f71.7337392930987!4f3.955830814142402!5f1.4428217674729367&amp;w=600&amp;h=450]<\/p>\n","protected":false},"excerpt":{"rendered":"<p>La iglesia de Santa Mar\u00eda del Mar, es el templo m\u00e1s antiguo de Salou . Fue construida en el siglo XVII , entre 1752 y 1766 , a\u00f1o en el que fue bendecida . De estilo barroco de l\u00edneas clasicistas que , originalmente s\u00f3lo ten\u00eda una nave y un campanario de espada\u00f1a . El actual &hellip; <\/p>\n<p><a class=\"more-link btn\" href=\"https:\/\/smaria.salou.arqtgn.cat\/es\/la-iglesia-de-santa-maria-del-mar\/\">Seguir leyendo<\/a><\/p>\n","protected":false},"author":11,"featured_media":0,"parent":0,"menu_order":0,"comment_status":"closed","ping_status":"closed","template":"","meta":{"footnotes":""},"class_list":["post-8657","page","type-page","status-publish","hentry","nodate","item-wrap"],"amp_enabled":true,"_links":{"self":[{"href":"https:\/\/smaria.salou.arqtgn.cat\/es\/wp-json\/wp\/v2\/pages\/8657","targetHints":{"allow":["GET"]}}],"collection":[{"href":"https:\/\/smaria.salou.arqtgn.cat\/es\/wp-json\/wp\/v2\/pages"}],"about":[{"href":"https:\/\/smaria.salou.arqtgn.cat\/es\/wp-json\/wp\/v2\/types\/page"}],"author":[{"embeddable":true,"href":"https:\/\/smaria.salou.arqtgn.cat\/es\/wp-json\/wp\/v2\/users\/11"}],"replies":[{"embeddable":true,"href":"https:\/\/smaria.salou.arqtgn.cat\/es\/wp-json\/wp\/v2\/comments?post=8657"}],"version-history":[{"count":0,"href":"https:\/\/smaria.salou.arqtgn.cat\/es\/wp-json\/wp\/v2\/pages\/8657\/revisions"}],"wp:attachment":[{"href":"https:\/\/smaria.salou.arqtgn.cat\/es\/wp-json\/wp\/v2\/media?parent=8657"}],"curies":[{"name":"wp","href":"https:\/\/api.w.org\/{rel}","templated":true}]}}