{"id":14066,"date":"2020-10-25T16:50:20","date_gmt":"2020-10-25T15:50:20","guid":{"rendered":"http:\/\/smaria.salou.arqtgn.cat\/?page_id=14066"},"modified":"2020-10-25T17:17:55","modified_gmt":"2020-10-25T16:17:55","slug":"introducion-a-la-exhortacion-pastoral-el-espiritu-hace-joven-la-iglesia","status":"publish","type":"page","link":"https:\/\/smaria.salou.arqtgn.cat\/es\/lesperit-fa-jove-a-lesglesia\/introducion-a-la-exhortacion-pastoral-el-espiritu-hace-joven-la-iglesia\/","title":{"rendered":"Introduci\u00f3n a la exhortaci\u00f3n pastoral \u00abEl Esp\u00edritu hace joven la Iglesia\u00bb"},"content":{"rendered":"<p style=\"text-align: center\"><strong><a href=\"http:\/\/smaria.salou.arqtgn.cat\/wp-content\/uploads\/sites\/10\/2020\/10\/logo_esp_jov_esg_b.jpg\"><img loading=\"lazy\" decoding=\"async\" class=\"aligncenter size-full wp-image-14040\" src=\"http:\/\/smaria.salou.arqtgn.cat\/wp-content\/uploads\/sites\/10\/2020\/10\/logo_esp_jov_esg_b.jpg\" alt=\"\" width=\"800\" height=\"137\" srcset=\"https:\/\/smaria.salou.arqtgn.cat\/wp-content\/uploads\/sites\/10\/2020\/10\/logo_esp_jov_esg_b.jpg 800w, https:\/\/smaria.salou.arqtgn.cat\/wp-content\/uploads\/sites\/10\/2020\/10\/logo_esp_jov_esg_b-300x51.jpg 300w, https:\/\/smaria.salou.arqtgn.cat\/wp-content\/uploads\/sites\/10\/2020\/10\/logo_esp_jov_esg_b-768x132.jpg 768w, https:\/\/smaria.salou.arqtgn.cat\/wp-content\/uploads\/sites\/10\/2020\/10\/logo_esp_jov_esg_b-560x96.jpg 560w\" sizes=\"auto, (max-width: 800px) 100vw, 800px\" \/><\/a><\/strong><strong>Joan Planellas y Barnosell<br \/>\n<\/strong>Arzobispo metropolitano de Tarragona y primado<\/p>\n<p style=\"text-align: center\">Exhortaci\u00f3n Pastoral<br \/>\n<strong>EL ESP\u00cdRITU HACE JOVEN LA IGLESIA<\/strong><\/p>\n<p style=\"text-align: center\">Doce actitudes pastorales para la Iglesia que peregrina en Tarragona,<br \/>\na veinte y cinco a\u00f1os del Concilio Provincial Tarraconense de 1995<br \/>\nTarragona, Marzo de 2020<\/p>\n<p>&nbsp;<\/p>\n<p><strong>Introducci\u00f3n<\/strong><\/p>\n<p style=\"text-align: justify\">\u00abEl Esp\u00edritu rejuvenece la Iglesia con la fuerza del Evangelio\u00bb. Mi anhelo m\u00e1s gozoso, es que el Esp\u00edritu Santo <span style=\"color: #3366ff\">remueva y renueve<\/span> nuestra Iglesia tarraconense.<\/p>\n<p style=\"text-align: justify\">Mi deseo es tambi\u00e9n que todo el Pueblo santo de Dios trabaje incansablemente para este objetivo,<br \/>\n&#8211; pidi\u00e9ndolo cada d\u00eda en la <span style=\"color: #3366ff\">oraci\u00f3n,<\/span> con docilidad al Esp\u00edritu,<br \/>\n&#8211; y procurando llevar a cabo el rejuvenecimiento de nuestras comunidades con una vida <span style=\"color: #3366ff\">fervorosa y aut\u00e9ntica<\/span>, a la luz del Evangelio.<\/p>\n<p style=\"text-align: justify\"><span style=\"color: #3366ff\">\u00abLa predicaci\u00f3n evang\u00e9lica<\/span> no es un hecho de otro tiempo, ni fruto de una instituci\u00f3n anclada en el pasado, sino <span style=\"color: #3366ff\">un evento de cada d\u00eda<\/span> que inspira en el organismo eclesial una juventud perpetua\u00bb.<\/p>\n<p style=\"text-align: justify\"><span style=\"color: #3366ff\">Haciendo comunidad, reunidos todos juntos, iremos encontrando las respuestas, porque la Iglesia es el lugar de la actuaci\u00f3n del Esp\u00edritu Santo.<\/span><\/p>\n<p style=\"text-align: justify\"><span style=\"color: #3366ff\">Auscultando la voz del Esp\u00edritu, queremos volver a empezar a partir de Dios. La Iglesia<\/span> que habla de solidaridad, de justicia y, incluso, de nacionalismos, <span style=\"color: #3366ff\">es capaz hoy de hablar de Dios?<\/span> En el Concilio Tarraconense se pidi\u00f3 m\u00e1s de una vez: <span style=\"color: #3366ff\">\u00abEns\u00e9\u00f1anos a orar.\u00bb<\/span> Se habr\u00eda podido decir: <span style=\"color: #3366ff\">\u00abEns\u00e9\u00f1anos a encontrar a Dios.\u00bb<\/span><\/p>\n<p style=\"text-align: justify\">A la luz de la Palabra de Dios, a la luz del misterio celebrado, sobre todo en la centralidad de la Eucarist\u00eda, <span style=\"color: #3366ff\">pidamos al Esp\u00edritu que, en nuestro hoy, nos ense\u00f1e a encontrar a Dios!<\/span><\/p>\n","protected":false},"excerpt":{"rendered":"<p>Joan Planellas y Barnosell Arzobispo metropolitano de Tarragona y primado Exhortaci\u00f3n Pastoral EL ESP\u00cdRITU HACE JOVEN LA IGLESIA Doce actitudes pastorales para la Iglesia que peregrina en Tarragona, a veinte y cinco a\u00f1os del Concilio Provincial Tarraconense de 1995 Tarragona, Marzo de 2020 &nbsp; Introducci\u00f3n \u00abEl Esp\u00edritu rejuvenece la Iglesia con la fuerza del Evangelio\u00bb. &hellip; <\/p>\n<p><a class=\"more-link btn\" href=\"https:\/\/smaria.salou.arqtgn.cat\/es\/lesperit-fa-jove-a-lesglesia\/introducion-a-la-exhortacion-pastoral-el-espiritu-hace-joven-la-iglesia\/\">Seguir leyendo<\/a><\/p>\n","protected":false},"author":11,"featured_media":0,"parent":14062,"menu_order":1,"comment_status":"closed","ping_status":"closed","template":"","meta":{"footnotes":""},"class_list":["post-14066","page","type-page","status-publish","hentry","nodate","item-wrap"],"amp_enabled":true,"_links":{"self":[{"href":"https:\/\/smaria.salou.arqtgn.cat\/es\/wp-json\/wp\/v2\/pages\/14066","targetHints":{"allow":["GET"]}}],"collection":[{"href":"https:\/\/smaria.salou.arqtgn.cat\/es\/wp-json\/wp\/v2\/pages"}],"about":[{"href":"https:\/\/smaria.salou.arqtgn.cat\/es\/wp-json\/wp\/v2\/types\/page"}],"author":[{"embeddable":true,"href":"https:\/\/smaria.salou.arqtgn.cat\/es\/wp-json\/wp\/v2\/users\/11"}],"replies":[{"embeddable":true,"href":"https:\/\/smaria.salou.arqtgn.cat\/es\/wp-json\/wp\/v2\/comments?post=14066"}],"version-history":[{"count":4,"href":"https:\/\/smaria.salou.arqtgn.cat\/es\/wp-json\/wp\/v2\/pages\/14066\/revisions"}],"predecessor-version":[{"id":14078,"href":"https:\/\/smaria.salou.arqtgn.cat\/es\/wp-json\/wp\/v2\/pages\/14066\/revisions\/14078"}],"up":[{"embeddable":true,"href":"https:\/\/smaria.salou.arqtgn.cat\/es\/wp-json\/wp\/v2\/pages\/14062"}],"wp:attachment":[{"href":"https:\/\/smaria.salou.arqtgn.cat\/es\/wp-json\/wp\/v2\/media?parent=14066"}],"curies":[{"name":"wp","href":"https:\/\/api.w.org\/{rel}","templated":true}]}}