{"id":14060,"date":"2020-10-25T17:13:09","date_gmt":"2020-10-25T16:13:09","guid":{"rendered":"http:\/\/smaria.salou.arqtgn.cat\/?page_id=14060"},"modified":"2020-10-25T17:52:32","modified_gmt":"2020-10-25T16:52:32","slug":"1-creer-que-la-iglesia-que-evangeliza-es-todo-el-pueblo-de-dios","status":"publish","type":"page","link":"https:\/\/smaria.salou.arqtgn.cat\/es\/lesperit-fa-jove-a-lesglesia\/1-creer-que-la-iglesia-que-evangeliza-es-todo-el-pueblo-de-dios\/","title":{"rendered":"1. Creer que la Iglesia que evangeliza es todo el Pueblo de Dios"},"content":{"rendered":"<p><a href=\"http:\/\/smaria.salou.arqtgn.cat\/wp-content\/uploads\/sites\/10\/2020\/10\/logo_esp_jov_esg_b.jpg\"><img loading=\"lazy\" decoding=\"async\" class=\"aligncenter size-full wp-image-14040\" src=\"http:\/\/smaria.salou.arqtgn.cat\/wp-content\/uploads\/sites\/10\/2020\/10\/logo_esp_jov_esg_b.jpg\" alt=\"\" width=\"800\" height=\"137\" srcset=\"https:\/\/smaria.salou.arqtgn.cat\/wp-content\/uploads\/sites\/10\/2020\/10\/logo_esp_jov_esg_b.jpg 800w, https:\/\/smaria.salou.arqtgn.cat\/wp-content\/uploads\/sites\/10\/2020\/10\/logo_esp_jov_esg_b-300x51.jpg 300w, https:\/\/smaria.salou.arqtgn.cat\/wp-content\/uploads\/sites\/10\/2020\/10\/logo_esp_jov_esg_b-768x132.jpg 768w, https:\/\/smaria.salou.arqtgn.cat\/wp-content\/uploads\/sites\/10\/2020\/10\/logo_esp_jov_esg_b-560x96.jpg 560w\" sizes=\"auto, (max-width: 800px) 100vw, 800px\" \/><\/a><\/p>\n<p>\u00abEn el interior de la Iglesia local, y en el entorno del obispo, que es el testimonio de la fe apost\u00f3lica, son <span style=\"color: #3366ff\">sujetos de la evangelizaci\u00f3n<\/span> los presb\u00edteros y los di\u00e1conos y todas aquellas personas que proclaman la buena noticia de Cristo mediante la palabra y el testimonio de amor fraterno. <span style=\"color: #3366ff\">Todo bautizado debe sentirse llamado a esta proclamaci\u00f3n \u00bb(CPT 2).<\/span><\/p>\n<p style=\"text-align: justify\"><span style=\"color: #3366ff\">\u00abLa totalidad del Pueblo de Dios anuncia el Evangelio.\u00bb<\/span><\/p>\n<p style=\"text-align: justify\"><span style=\"color: #3366ff\">\u00abTodos entramos en la Iglesia como laicos [&#8230;].<\/span> Nuestra primera y fundamental consagraci\u00f3n hunde sus ra\u00edces en <span style=\"color: #3366ff\">nuestro bautismo<\/span>. \u00bb<\/p>\n<p style=\"text-align: justify\"><span style=\"color: #3366ff\">Todos<\/span> estamos invitados a aceptar <span style=\"color: #3366ff\">esta llamada: salir de la propia comodidad y atrevernos a llegar a todas las periferias que necesitan la luz del Evangelio \u00bb (EG 20)<\/span>. Todos debemos ser<span style=\"color: #3366ff\"> \u00abdisc\u00edpulos misioneros\u00bb (EG 119-120).<\/span><\/p>\n<p style=\"text-align: justify\"><span style=\"color: #3366ff\">Nos lo creemos esto?<\/span><br \/>\n&#8211; Creemos que la Iglesia que evangeliza es todo el Pueblo de Dios?<br \/>\n&#8211; Vamos <span style=\"color: #3366ff\">creando<\/span> verdaderos <span style=\"color: #3366ff\">\u00abequipos pastorales\u00bb<\/span>?<br \/>\n&#8211; O bien, s\u00f3lo el ministerio ordenado tiene algunos laicos como <span style=\"color: #3366ff\">\u00abcolaboradores\u00bb de algo predeterminado por ellos?<\/span><\/p>\n<p style=\"text-align: justify\">Muchos cristianos pueden ser verdaderos <span style=\"color: #3366ff\">evangelizadores en sus ambientes<\/span>. Debemos poder ofrecerles herramientas adecuadas para que as\u00ed lo hagan. <span style=\"color: #3366ff\">Necesitamos, de hecho, un cambio de mentalidad en este punto esencial.<\/span><\/p>\n<p style=\"text-align: justify\">Teniendo en cuenta la afirmaci\u00f3n central indicada antes de que \u00abtodo el Pueblo de Dios anuncia el Evangelio\u00bb,<span style=\"color: #3366ff\"> \u00abes la predicaci\u00f3n informal que se puede realizar en medio de una conversaci\u00f3n y tambi\u00e9n la que realiza un misionero cuando visita un hogar\u00bb (EG 127). Se trata de la propuesta positiva de la fe cristiana en el hacer de cada d\u00eda, donde cada cristiano deviene miembro activo.<\/span><\/p>\n<p style=\"text-align: justify\">Esta salvaci\u00f3n, que realiza Dios y anuncia gozosamente la Iglesia, es para todos.<span style=\"color: #3366ff\"> Nadie se salva solo.<\/span> Todo cristiano est\u00e1 llamado a <span style=\"color: #3366ff\">salir de s\u00ed mismo<\/span> y ser levadura en la pasta, a convertirse en <span style=\"color: #3366ff\">\u00absal\u00bb y \u00abluz\u00bb.<\/span><\/p>\n<p style=\"text-align: justify\"><span style=\"color: #3366ff\">Primero<\/span> somos todos<span style=\"color: #3366ff\"> \u00abdisc\u00edpulos\u00bb; despu\u00e9s<\/span> vendr\u00e1n los ministros ordenados o aquellos otros designados para un<span style=\"color: #3366ff\"> servicio concreto.<\/span><\/p>\n<p style=\"text-align: justify\"><span style=\"color: #3366ff\">San Agust\u00edn dir\u00e1: \u00abSi me asusta lo que soy para vosotros, me consuela lo que soy junto a vosotros. Porque para vosotros soy obispo, con vosotros soy cristiano. Aquel es el nombre del cargo, este, el de la gracia; aqu\u00e9l, el del peligro, este, el de la salvaci\u00f3n. \u00bb<\/span><\/p>\n<p>Clica <a href=\"https:\/\/forms.gle\/68XvrJtvuxmGhG879\" target=\"_blank\" rel=\"noopener noreferrer\"><span style=\"color: #ff0000\"><strong>aqu\u00ed<\/strong><\/span><\/a> para responder al cuestionario.<\/p>\n<p>&nbsp;<\/p>\n","protected":false},"excerpt":{"rendered":"<p>\u00abEn el interior de la Iglesia local, y en el entorno del obispo, que es el testimonio de la fe apost\u00f3lica, son sujetos de la evangelizaci\u00f3n los presb\u00edteros y los di\u00e1conos y todas aquellas personas que proclaman la buena noticia de Cristo mediante la palabra y el testimonio de amor fraterno. Todo bautizado debe sentirse &hellip; <\/p>\n<p><a class=\"more-link btn\" href=\"https:\/\/smaria.salou.arqtgn.cat\/es\/lesperit-fa-jove-a-lesglesia\/1-creer-que-la-iglesia-que-evangeliza-es-todo-el-pueblo-de-dios\/\">Seguir leyendo<\/a><\/p>\n","protected":false},"author":11,"featured_media":0,"parent":14062,"menu_order":2,"comment_status":"closed","ping_status":"closed","template":"","meta":{"footnotes":""},"class_list":["post-14060","page","type-page","status-publish","hentry","nodate","item-wrap"],"amp_enabled":true,"_links":{"self":[{"href":"https:\/\/smaria.salou.arqtgn.cat\/es\/wp-json\/wp\/v2\/pages\/14060","targetHints":{"allow":["GET"]}}],"collection":[{"href":"https:\/\/smaria.salou.arqtgn.cat\/es\/wp-json\/wp\/v2\/pages"}],"about":[{"href":"https:\/\/smaria.salou.arqtgn.cat\/es\/wp-json\/wp\/v2\/types\/page"}],"author":[{"embeddable":true,"href":"https:\/\/smaria.salou.arqtgn.cat\/es\/wp-json\/wp\/v2\/users\/11"}],"replies":[{"embeddable":true,"href":"https:\/\/smaria.salou.arqtgn.cat\/es\/wp-json\/wp\/v2\/comments?post=14060"}],"version-history":[{"count":3,"href":"https:\/\/smaria.salou.arqtgn.cat\/es\/wp-json\/wp\/v2\/pages\/14060\/revisions"}],"predecessor-version":[{"id":14080,"href":"https:\/\/smaria.salou.arqtgn.cat\/es\/wp-json\/wp\/v2\/pages\/14060\/revisions\/14080"}],"up":[{"embeddable":true,"href":"https:\/\/smaria.salou.arqtgn.cat\/es\/wp-json\/wp\/v2\/pages\/14062"}],"wp:attachment":[{"href":"https:\/\/smaria.salou.arqtgn.cat\/es\/wp-json\/wp\/v2\/media?parent=14060"}],"curies":[{"name":"wp","href":"https:\/\/api.w.org\/{rel}","templated":true}]}}